{"id":9801,"date":"2024-09-03T13:22:37","date_gmt":"2024-09-03T13:22:37","guid":{"rendered":"https:\/\/ekofina.breinas.com\/?post_type=product&#038;p=9801"},"modified":"2025-09-16T07:09:35","modified_gmt":"2025-09-16T07:09:35","slug":"rubber-parking-curbs","status":"publish","type":"product","link":"https:\/\/ekofina.breinas.com\/lt\/produktas\/rubber-parking-curbs\/","title":{"rendered":"Guminiai parkavimo borteliai \u2013 rat\u0173 atmu\u0161\u0117jai"},"content":{"rendered":"<table width=\"100%\">\n<tbody>\n<tr>\n<td width=\"403\">I\u0161matavimai<\/td>\n<td width=\"426\">1825x150x80 mm<\/td>\n<\/tr>\n<tr>\n<td width=\"403\">Svoris<\/td>\n<td width=\"426\">17,3 kg<\/td>\n<\/tr>\n<tr>\n<td width=\"403\">Sud\u0117tis<\/td>\n<td width=\"426\">SBR granul\u0117, poliuretano klijai. Nekenksminga<\/td>\n<\/tr>\n<tr>\n<td width=\"403\">Garantija<\/td>\n<td width=\"426\">2 metai<\/td>\n<\/tr>\n<tr>\n<td width=\"403\">Eksplotacija<\/td>\n<td width=\"426\">Lauko ir vidaus s\u0105lygomis<\/td>\n<\/tr>\n<tr>\n<td width=\"403\">Prie\u017ei\u016bra<\/td>\n<td width=\"426\">Lengvai plaunama vandeniu. Auk\u0161tu sl\u0117giu plauti nepatartina<\/td>\n<\/tr>\n<tr>\n<td width=\"403\">Montavimas<\/td>\n<td width=\"426\">Tvirtinama keturiais 14 mm plo\u010dio ir 140 mm ilgio inkariniais var\u017etais<br \/>\n(\u012feina \u012f komplekt\u0105)<\/td>\n<\/tr>\n<\/tbody>\n<\/table>","protected":false},"excerpt":{"rendered":"<p>The rubber parking curb is used in parking lots and other places to limit the parking of cars.<\/p>","protected":false},"featured_media":10425,"template":"","meta":{"_acf_changed":false},"product_brand":[],"product_cat":[76],"product_tag":[],"class_list":{"0":"post-9801","1":"product","2":"type-product","3":"status-publish","4":"has-post-thumbnail","6":"product_cat-all-products","8":"first","9":"instock","10":"shipping-taxable","11":"product-type-simple"},"acf":[],"_links":{"self":[{"href":"https:\/\/ekofina.breinas.com\/lt\/wp-json\/wp\/v2\/product\/9801","targetHints":{"allow":["GET"]}}],"collection":[{"href":"https:\/\/ekofina.breinas.com\/lt\/wp-json\/wp\/v2\/product"}],"about":[{"href":"https:\/\/ekofina.breinas.com\/lt\/wp-json\/wp\/v2\/types\/product"}],"wp:featuredmedia":[{"embeddable":true,"href":"https:\/\/ekofina.breinas.com\/lt\/wp-json\/wp\/v2\/media\/10425"}],"wp:attachment":[{"href":"https:\/\/ekofina.breinas.com\/lt\/wp-json\/wp\/v2\/media?parent=9801"}],"wp:term":[{"taxonomy":"product_brand","embeddable":true,"href":"https:\/\/ekofina.breinas.com\/lt\/wp-json\/wp\/v2\/product_brand?post=9801"},{"taxonomy":"product_cat","embeddable":true,"href":"https:\/\/ekofina.breinas.com\/lt\/wp-json\/wp\/v2\/product_cat?post=9801"},{"taxonomy":"product_tag","embeddable":true,"href":"https:\/\/ekofina.breinas.com\/lt\/wp-json\/wp\/v2\/product_tag?post=9801"}],"curies":[{"name":"wp","href":"https:\/\/api.w.org\/{rel}","templated":true}]}}