{"id":9745,"date":"2024-09-03T13:02:59","date_gmt":"2024-09-03T13:02:59","guid":{"rendered":"https:\/\/ekofina.breinas.com\/?post_type=product&#038;p=9745"},"modified":"2025-09-16T07:00:04","modified_gmt":"2025-09-16T07:00:04","slug":"rubber-base-plates","status":"publish","type":"product","link":"https:\/\/ekofina.breinas.com\/lt\/produktas\/rubber-base-plates\/","title":{"rendered":"Guminiai padai kelio \u017eenklams ir segmentin\u0117ms tvoroms"},"content":{"rendered":"<table style=\"width: 100%; height: 312px;\" width=\"100%\">\n<tbody>\n<tr style=\"height: 24px;\">\n<td style=\"width: 49.8155%; height: 24px;\" width=\"403\">I\u0161matavimai<\/td>\n<td style=\"width: 49.5941%; height: 24px;\" width=\"401\">760x370x115 mm<\/td>\n<\/tr>\n<tr style=\"height: 24px;\">\n<td style=\"width: 49.8155%; height: 24px;\" width=\"403\">Svoris<\/td>\n<td style=\"width: 49.5941%; height: 24px;\" width=\"401\">25 kg<\/td>\n<\/tr>\n<tr style=\"height: 24px;\">\n<td style=\"width: 49.8155%; height: 24px;\" width=\"403\">Sud\u0117tis<\/td>\n<td style=\"width: 49.5941%; height: 24px;\" width=\"401\">SBR granul\u0117, poliuretano klijai. Nekenksminga<\/td>\n<\/tr>\n<tr style=\"height: 24px;\">\n<td style=\"width: 49.8155%; height: 24px;\" width=\"403\">Garantija<\/td>\n<td style=\"width: 49.5941%; height: 24px;\" width=\"401\">2 metai<\/td>\n<\/tr>\n<tr style=\"height: 24px;\">\n<td style=\"width: 49.8155%; height: 24px;\" width=\"403\">Eksplotacija<\/td>\n<td style=\"width: 49.5941%; height: 24px;\" width=\"401\">Lauko ir vidaus s\u0105lygomis<\/td>\n<\/tr>\n<tr style=\"height: 24px;\">\n<td style=\"width: 49.8155%; height: 24px;\" width=\"403\">Prie\u017ei\u016bra<\/td>\n<td style=\"width: 49.5941%; height: 24px;\" width=\"401\">Lengvai plaunama vandeniu. Auk\u0161tu sl\u0117giu plauti nepatartina<\/td>\n<\/tr>\n<tr style=\"height: 120px;\">\n<td style=\"width: 49.8155%; height: 120px;\" width=\"403\">Montavimas<\/td>\n<td style=\"width: 49.5941%; height: 120px;\" width=\"401\">Guminiai padai suprojektuoti ir gaminami su rankenomis, kuri\u0173 d\u0117ka juos<br \/>\npaprasta pakelti ir perne\u0161ti \u012f norim\u0105 viet\u0105. Padas turi tokias skyles:<\/p>\n<ul>\n<li>1x kvadratin\u0117 anga 50\u00d750 mm<\/li>\n<li>1x kvadratin\u0117 skyl\u0117 70\u00d770 mm<\/li>\n<li>2x apvalios skyl\u0117s \u00d8 45 mm<\/li>\n<\/ul>\n<\/td>\n<\/tr>\n<\/tbody>\n<\/table>","protected":false},"excerpt":{"rendered":"<p>Measurments 760x370x115 mm Wheight 25 kg Raw materials SBR granules, polyurethane adhesives. Non-toxic Warranty 2 years Exploitation For outdoor and<\/p>","protected":false},"featured_media":10422,"template":"","meta":{"_acf_changed":false},"product_brand":[],"product_cat":[76],"product_tag":[],"class_list":{"0":"post-9745","1":"product","2":"type-product","3":"status-publish","4":"has-post-thumbnail","6":"product_cat-all-products","8":"first","9":"instock","10":"shipping-taxable","11":"product-type-simple"},"acf":[],"_links":{"self":[{"href":"https:\/\/ekofina.breinas.com\/lt\/wp-json\/wp\/v2\/product\/9745","targetHints":{"allow":["GET"]}}],"collection":[{"href":"https:\/\/ekofina.breinas.com\/lt\/wp-json\/wp\/v2\/product"}],"about":[{"href":"https:\/\/ekofina.breinas.com\/lt\/wp-json\/wp\/v2\/types\/product"}],"wp:featuredmedia":[{"embeddable":true,"href":"https:\/\/ekofina.breinas.com\/lt\/wp-json\/wp\/v2\/media\/10422"}],"wp:attachment":[{"href":"https:\/\/ekofina.breinas.com\/lt\/wp-json\/wp\/v2\/media?parent=9745"}],"wp:term":[{"taxonomy":"product_brand","embeddable":true,"href":"https:\/\/ekofina.breinas.com\/lt\/wp-json\/wp\/v2\/product_brand?post=9745"},{"taxonomy":"product_cat","embeddable":true,"href":"https:\/\/ekofina.breinas.com\/lt\/wp-json\/wp\/v2\/product_cat?post=9745"},{"taxonomy":"product_tag","embeddable":true,"href":"https:\/\/ekofina.breinas.com\/lt\/wp-json\/wp\/v2\/product_tag?post=9745"}],"curies":[{"name":"wp","href":"https:\/\/api.w.org\/{rel}","templated":true}]}}