{"id":10483,"date":"2025-09-05T08:40:14","date_gmt":"2025-09-05T08:40:14","guid":{"rendered":"https:\/\/ekofina.breinas.com\/?post_type=product&#038;p=10483"},"modified":"2025-09-05T09:36:55","modified_gmt":"2025-09-05T09:36:55","slug":"rubber-dog-bone-pavers","status":"publish","type":"product","link":"https:\/\/ekofina.breinas.com\/lt\/produktas\/rubber-dog-bone-pavers\/","title":{"rendered":"Gumin\u0117s kaulo formos trinkel\u0117s"},"content":{"rendered":"<table style=\"width: 100.137%; height: 244px;\" width=\"804\">\n<tbody>\n<tr style=\"height: 144px;\">\n<td style=\"height: 10px;\">I\u0161matavimai<\/td>\n<td style=\"height: 10px;\">\n<div id=\"matavimai-table\"><\/div>\n<\/td>\n<\/tr>\n<tr style=\"height: 148px;\">\n<td style=\"height: 23px; width: 24.5044%;\" width=\"403\">Svoris<\/td>\n<td style=\"height: 23px; width: 145.055%;\" width=\"401\">\n<div id=\"svoris-table\"><\/div>\n<\/td>\n<\/tr>\n<tr style=\"height: 24px;\">\n<td style=\"height: 24px; width: 24.5044%;\" width=\"403\">Sud\u0117tis<\/td>\n<td style=\"height: 24px; width: 145.055%;\" width=\"401\">SBR granul\u0117, poliuretano klijai. Nekenksminga<\/td>\n<\/tr>\n<tr style=\"height: 24px;\">\n<td style=\"height: 24px; width: 24.5044%;\" width=\"403\">Garantija<\/td>\n<td style=\"height: 24px; width: 145.055%;\" width=\"401\">2 metai<\/td>\n<\/tr>\n<tr style=\"height: 24px;\">\n<td style=\"height: 24px; width: 24.5044%;\" width=\"403\">Eksplotacija<\/td>\n<td style=\"height: 24px; width: 145.055%;\" width=\"401\">Lauko ir vidaus s\u0105lygomis<\/td>\n<\/tr>\n<tr style=\"height: 48px;\">\n<td style=\"height: 21px; width: 24.5044%;\" width=\"403\">Prie\u017ei\u016bra<\/td>\n<td style=\"height: 21px; width: 145.055%;\" width=\"401\">Lengvai plaunama vandeniu. Auk\u0161tu sl\u0117giu plauti nepatartina<\/td>\n<\/tr>\n<tr style=\"height: 120px;\">\n<td style=\"height: 70px; width: 24.5044%;\" width=\"403\">Montavimas<\/td>\n<td style=\"height: 70px; width: 145.055%;\" width=\"401\">Rekomenduojame, jog pagrindas b\u016bt\u0173 i\u0161lygintas, suvibruotas ir klojamas\nnaudojant sm\u0117lio atsijas. Galimas montavimas ant sm\u0117lio, atsij\u0173, \u017evyro arba\nbetono, medini\u0173 grind\u0173 ar kit\u0173 pasenusi\u0173 pana\u0161aus tipo pavir\u0161i\u0173<\/td>\n<\/tr>\n<\/tbody>\n<\/table>","protected":false},"excerpt":{"rendered":"<p>Playgrounds are a place for carefree play, not tears. Although accidents cannot be completely avoided, the risk of serious injuries can be significantly reduced. Safety rubber mats play an important role in protecting children from physical injuries on playgrounds.<\/p>\n<p>Modern playgrounds look colorful and attractive with our protective rubber mats. We offer a variety of original patterns to create unique architectural and fun patterns for all types of playgrounds.<\/p>\n<p>Ekofina rubber mats are light, easy to assemble and durable. These safety mats are suitable for both indoor and outdoor use. Thanks to the easily interlocking edges, these tiles can be applied to practically any surface &#8211; whether they are laid as a subfloor or chosen as the main floor.<\/p>\n<p>Our jigsaw-type rubber mats are an excellent choice for public or home gym floors, play and leisure areas. They can be placed on the ground, sand, asphalt, concrete, wood.<\/p>\n<p>These modular floor tiles are designed to be used as a carpet covering and are tested for walking barefoot according to the DIN 51097 standard, qualified in group C (slip angle &gt;24o). Our product meets the fire resistance class Efl (SBR tiles) and Dfl (EPDM tiles) and has an approved low VOC (volatile organic compounds) emission level according to DIBt and AgBB, therefore it meets all requirements for indoor use.<\/p>","protected":false},"featured_media":10484,"template":"","meta":{"_acf_changed":false},"product_brand":[],"product_cat":[76],"product_tag":[],"class_list":{"0":"post-10483","1":"product","2":"type-product","3":"status-publish","4":"has-post-thumbnail","6":"product_cat-all-products","8":"first","9":"instock","10":"shipping-taxable","11":"product-type-simple"},"acf":[],"_links":{"self":[{"href":"https:\/\/ekofina.breinas.com\/lt\/wp-json\/wp\/v2\/product\/10483","targetHints":{"allow":["GET"]}}],"collection":[{"href":"https:\/\/ekofina.breinas.com\/lt\/wp-json\/wp\/v2\/product"}],"about":[{"href":"https:\/\/ekofina.breinas.com\/lt\/wp-json\/wp\/v2\/types\/product"}],"wp:featuredmedia":[{"embeddable":true,"href":"https:\/\/ekofina.breinas.com\/lt\/wp-json\/wp\/v2\/media\/10484"}],"wp:attachment":[{"href":"https:\/\/ekofina.breinas.com\/lt\/wp-json\/wp\/v2\/media?parent=10483"}],"wp:term":[{"taxonomy":"product_brand","embeddable":true,"href":"https:\/\/ekofina.breinas.com\/lt\/wp-json\/wp\/v2\/product_brand?post=10483"},{"taxonomy":"product_cat","embeddable":true,"href":"https:\/\/ekofina.breinas.com\/lt\/wp-json\/wp\/v2\/product_cat?post=10483"},{"taxonomy":"product_tag","embeddable":true,"href":"https:\/\/ekofina.breinas.com\/lt\/wp-json\/wp\/v2\/product_tag?post=10483"}],"curies":[{"name":"wp","href":"https:\/\/api.w.org\/{rel}","templated":true}]}}