{"id":10448,"date":"2025-09-05T07:26:34","date_gmt":"2025-09-05T07:26:34","guid":{"rendered":"https:\/\/ekofina.breinas.com\/?post_type=product&#038;p=10448"},"modified":"2025-09-05T09:28:43","modified_gmt":"2025-09-05T09:28:43","slug":"rubber-support-pad-for-solar-mounting-systems-halves","status":"publish","type":"product","link":"https:\/\/ekofina.breinas.com\/lt\/produktas\/rubber-support-pad-for-solar-mounting-systems-halves\/","title":{"rendered":"Guminis atramos padas saul\u0117s elektrin\u0117ms (pusel\u0117s)"},"content":{"rendered":"<table style=\"width: 100.137%; height: 244px;\" width=\"804\">\n<tbody>\n<tr style=\"height: 144px;\">\n<td style=\"height: 10px;\">I\u0161matavimai<\/td>\n<td style=\"height: 10px;\">\n<div id=\"matavimai-table\"><\/div>\n<\/td>\n<\/tr>\n<tr style=\"height: 148px;\">\n<td style=\"height: 23px; width: 24.5044%;\" width=\"403\">Svoris<\/td>\n<td style=\"height: 23px; width: 145.055%;\" width=\"401\">\n<div id=\"svoris-table\"><\/div>\n<\/td>\n<\/tr>\n<tr style=\"height: 24px;\">\n<td style=\"height: 24px; width: 24.5044%;\" width=\"403\">Sud\u0117tis<\/td>\n<td style=\"height: 24px; width: 145.055%;\" width=\"401\">SBR granul\u0117, poliuretano klijai. Nekenksminga<\/td>\n<\/tr>\n<tr style=\"height: 24px;\">\n<td style=\"height: 24px; width: 24.5044%;\" width=\"403\">Garantija<\/td>\n<td style=\"height: 24px; width: 145.055%;\" width=\"401\">2 metai<\/td>\n<\/tr>\n<tr style=\"height: 24px;\">\n<td style=\"height: 24px; width: 24.5044%;\" width=\"403\">Eksplotacija<\/td>\n<td style=\"height: 24px; width: 145.055%;\" width=\"401\">Lauko ir vidaus s\u0105lygomis<\/td>\n<\/tr>\n<tr style=\"height: 48px;\">\n<td style=\"height: 21px; width: 24.5044%;\" width=\"403\">Prie\u017ei\u016bra<\/td>\n<td style=\"height: 21px; width: 145.055%;\" width=\"401\">Lengvai plaunama vandeniu. Auk\u0161tu sl\u0117giu plauti nepatartina<\/td>\n<\/tr>\n<tr style=\"height: 120px;\">\n<td style=\"height: 70px; width: 24.5044%;\" width=\"403\">Montavimas<\/td>\n<td style=\"height: 70px; width: 145.055%;\" width=\"401\">Padukai dedami po balastini\u0173 konstrukcij\u0173 atramomis. Montavimo metu\nu\u017etikrina stogo dangos apsaug\u0105, apkrovos tolyg\u0173 pasiskirstym\u0105, vibracij\u0173 bei\ntriuk\u0161mo slopinim\u0105. Rekomenduojama naudoti ant plok\u0161\u010di\u0173 stog\u0173 su PVC,\nTPO, EPDM membranomis, bitumin\u0117mis dangomis arba ant betono.<\/td>\n<\/tr>\n<\/tbody>\n<\/table>","protected":false},"excerpt":{"rendered":"<p>Playgrounds are a place for carefree play, not tears. Although accidents cannot be completely avoided, the risk of serious injuries can be significantly reduced. Safety rubber mats play an important role in protecting children from physical injuries on playgrounds.<\/p>\n<p>Modern playgrounds look colorful and attractive with our protective rubber mats. We offer a variety of original patterns to create unique architectural and fun patterns for all types of playgrounds.<\/p>\n<p>Ekofina rubber mats are light, easy to assemble and durable. These safety mats are suitable for both indoor and outdoor use. Thanks to the easily interlocking edges, these tiles can be applied to practically any surface &#8211; whether they are laid as a subfloor or chosen as the main floor.<\/p>\n<p>Our jigsaw-type rubber mats are an excellent choice for public or home gym floors, play and leisure areas. They can be placed on the ground, sand, asphalt, concrete, wood.<\/p>\n<p>These modular floor tiles are designed to be used as a carpet covering and are tested for walking barefoot according to the DIN 51097 standard, qualified in group C (slip angle &gt;24o). Our product meets the fire resistance class Efl (SBR tiles) and Dfl (EPDM tiles) and has an approved low VOC (volatile organic compounds) emission level according to DIBt and AgBB, therefore it meets all requirements for indoor use.<\/p>","protected":false},"featured_media":10459,"template":"","meta":{"_acf_changed":false},"product_brand":[],"product_cat":[76],"product_tag":[],"class_list":{"0":"post-10448","1":"product","2":"type-product","3":"status-publish","4":"has-post-thumbnail","6":"product_cat-all-products","8":"first","9":"instock","10":"shipping-taxable","11":"product-type-simple"},"acf":[],"_links":{"self":[{"href":"https:\/\/ekofina.breinas.com\/lt\/wp-json\/wp\/v2\/product\/10448","targetHints":{"allow":["GET"]}}],"collection":[{"href":"https:\/\/ekofina.breinas.com\/lt\/wp-json\/wp\/v2\/product"}],"about":[{"href":"https:\/\/ekofina.breinas.com\/lt\/wp-json\/wp\/v2\/types\/product"}],"wp:featuredmedia":[{"embeddable":true,"href":"https:\/\/ekofina.breinas.com\/lt\/wp-json\/wp\/v2\/media\/10459"}],"wp:attachment":[{"href":"https:\/\/ekofina.breinas.com\/lt\/wp-json\/wp\/v2\/media?parent=10448"}],"wp:term":[{"taxonomy":"product_brand","embeddable":true,"href":"https:\/\/ekofina.breinas.com\/lt\/wp-json\/wp\/v2\/product_brand?post=10448"},{"taxonomy":"product_cat","embeddable":true,"href":"https:\/\/ekofina.breinas.com\/lt\/wp-json\/wp\/v2\/product_cat?post=10448"},{"taxonomy":"product_tag","embeddable":true,"href":"https:\/\/ekofina.breinas.com\/lt\/wp-json\/wp\/v2\/product_tag?post=10448"}],"curies":[{"name":"wp","href":"https:\/\/api.w.org\/{rel}","templated":true}]}}