{"id":10344,"date":"2024-12-03T13:15:54","date_gmt":"2024-12-03T13:15:54","guid":{"rendered":"https:\/\/ekofina.breinas.com\/?post_type=product&#038;p=10344"},"modified":"2025-09-10T10:46:19","modified_gmt":"2025-09-10T10:46:19","slug":"rubber-edging-kerbs-for-flooring-tiles","status":"publish","type":"product","link":"https:\/\/ekofina.breinas.com\/lt\/produktas\/rubber-edging-kerbs-for-flooring-tiles\/","title":{"rendered":"Gumini\u0173 trinkeli\u0173 borteliai"},"content":{"rendered":"<table style=\"width: 88.9025%; height: 375px;\">\n<tbody>\n<tr style=\"height: 39px;\">\n<td style=\"width: 23.7832%; height: 39px;\" width=\"217\">I\u0161matavimai<\/td>\n<td style=\"width: 170.278%; height: 39px;\" width=\"397\">1200x240x40 mm<\/td>\n<\/tr>\n<tr style=\"height: 56px;\">\n<td style=\"width: 23.7832%; height: 56px;\" width=\"217\">Svoris<\/td>\n<td style=\"width: 170.278%; height: 56px;\" width=\"397\">12 kg<\/td>\n<\/tr>\n<tr style=\"height: 56px;\">\n<td style=\"width: 23.7832%; height: 56px;\" width=\"217\">Sud\u0117tis<\/td>\n<td style=\"width: 170.278%; height: 56px;\" width=\"397\">SBR granul\u0117, poliuretano klijai. Nekenksminga<\/td>\n<\/tr>\n<tr style=\"height: 56px;\">\n<td style=\"width: 23.7832%; height: 56px;\" width=\"217\">Garantija<\/td>\n<td style=\"width: 170.278%; height: 56px;\" width=\"397\">2 metai<\/td>\n<\/tr>\n<tr style=\"height: 56px;\">\n<td style=\"width: 23.7832%; height: 56px;\" width=\"217\">Eksplotacija<\/td>\n<td style=\"width: 170.278%; height: 56px;\" width=\"397\">Lauko ir vidaus s\u0105lygomis<\/td>\n<\/tr>\n<tr style=\"height: 56px;\">\n<td style=\"width: 23.7832%; height: 56px;\" width=\"217\">Prie\u017ei\u016bra<\/td>\n<td style=\"width: 170.278%; height: 56px;\" width=\"397\">Lengvai plaunama vandeniu. Auk\u0161tu sl\u0117giu plauti nepatartina<\/td>\n<\/tr>\n<tr style=\"height: 56px;\">\n<td style=\"width: 23.7832%; height: 56px;\" width=\"217\">Montavimas<\/td>\n<td style=\"width: 170.278%; height: 56px;\" width=\"397\">Montavimas \tMontuojama \u012fkasant \u012f \u017eem\u0119<\/td>\n<\/tr>\n<\/tbody>\n<\/table>","protected":false},"excerpt":{"rendered":"<p>Measurments 1200x240x40 mm Wheight 12 kg Raw materials SBR granules, polyurethane adhesives. Non-toxic Warranty 2 years Exploitation For outdoor and<\/p>","protected":false},"featured_media":10416,"template":"","meta":{"_acf_changed":false},"product_brand":[],"product_cat":[21],"product_tag":[],"class_list":{"0":"post-10344","1":"product","2":"type-product","3":"status-publish","4":"has-post-thumbnail","6":"product_cat-accessories","8":"first","9":"instock","10":"shipping-taxable","11":"product-type-simple"},"acf":[],"_links":{"self":[{"href":"https:\/\/ekofina.breinas.com\/lt\/wp-json\/wp\/v2\/product\/10344","targetHints":{"allow":["GET"]}}],"collection":[{"href":"https:\/\/ekofina.breinas.com\/lt\/wp-json\/wp\/v2\/product"}],"about":[{"href":"https:\/\/ekofina.breinas.com\/lt\/wp-json\/wp\/v2\/types\/product"}],"wp:featuredmedia":[{"embeddable":true,"href":"https:\/\/ekofina.breinas.com\/lt\/wp-json\/wp\/v2\/media\/10416"}],"wp:attachment":[{"href":"https:\/\/ekofina.breinas.com\/lt\/wp-json\/wp\/v2\/media?parent=10344"}],"wp:term":[{"taxonomy":"product_brand","embeddable":true,"href":"https:\/\/ekofina.breinas.com\/lt\/wp-json\/wp\/v2\/product_brand?post=10344"},{"taxonomy":"product_cat","embeddable":true,"href":"https:\/\/ekofina.breinas.com\/lt\/wp-json\/wp\/v2\/product_cat?post=10344"},{"taxonomy":"product_tag","embeddable":true,"href":"https:\/\/ekofina.breinas.com\/lt\/wp-json\/wp\/v2\/product_tag?post=10344"}],"curies":[{"name":"wp","href":"https:\/\/api.w.org\/{rel}","templated":true}]}}