{"id":5288,"date":"2021-08-25T09:00:10","date_gmt":"2021-08-25T09:00:10","guid":{"rendered":"http:\/\/dummy.xtemos.com\/woodmart2\/?page_id=5288"},"modified":"2025-09-08T13:41:01","modified_gmt":"2025-09-08T13:41:01","slug":"contact-us","status":"publish","type":"page","link":"https:\/\/ekofina.breinas.com\/lt\/contact-us\/","title":{"rendered":"Kontaktai"},"content":{"rendered":"<div class=\"wpb-content-wrapper\"><div class=\"vc_row wpb_row vc_row-fluid vc_custom_1732614633117 vc_column-gap-35 vc_row-o-content-middle vc_row-flex wd-rs-67459a0678f6d\"><div class=\"wpb_column vc_column_container vc_col-sm-6 wd-rs-674339d3a662e\" id=\"list-cont\"><div class=\"vc_column-inner\"><div class=\"wpb_wrapper\">\n\t<div class=\"wpb_text_column wpb_content_element\" >\n\t\t<div class=\"wpb_wrapper\">\n\t\t\t<p style=\"text-align: left;\"><span style=\"color: #33c0c0; font-size: 18pt;\">Kontaktai<\/span><\/p>\n\n\t\t<\/div>\n\t<\/div>\n\n\t<div class=\"wpb_text_column wpb_content_element vc_custom_1732457843481\" >\n\t\t<div class=\"wpb_wrapper\">\n\t\t\t<h2 style=\"text-align: left;\"><span style=\"color: #5d2952; font-size: 45px;\">Susisiekite su mumis <\/span><\/h2>\n\n\t\t<\/div>\n\t<\/div>\n\n\t\t<ul class=\"wd-rs-68bedb72857cc wd-list wd-wpb color-scheme- wd-fontsize-xs wd-list-type-icon wd-list-style-default wd-justify-left\" id=\"wd-68bedb72857cc\">\n\t\t\t\t\t\t\t\t\t\t\t<li>\n\t\t\t\t\t<img loading=\"lazy\" decoding=\"async\"  src=\"https:\/\/ekofina.breinas.com\/wp-content\/uploads\/2024\/11\/Subtract.svg\" title=\"Subtract\" width=\"25\" height=\"25\">\n\t\t\t\t\t<span class=\"list-content\"><span class=\"listspan\">Gamyba<\/span>\nObeni\u0173 g. 38, Elektr\u0117nai, Lietuva, LT-26108<\/span>\n\t\t\t\t\t\t\t\t\t<\/li>\n\t\t\t\t\t\t\t\t\t\t\t<li>\n\t\t\t\t\t<img loading=\"lazy\" decoding=\"async\"  src=\"https:\/\/ekofina.breinas.com\/wp-content\/uploads\/2024\/11\/Subtract.svg\" title=\"Subtract\" width=\"25\" height=\"25\">\n\t\t\t\t\t<span class=\"list-content\"><span class=\"listspan\">Pagrindinis biuras<\/span>\nRaudondvario pl. 147-15, Kaunas, Lietuva, LT-47192<\/span>\n\t\t\t\t\t\t\t\t\t<\/li>\n\t\t\t\t\t\t\t\t\t\t\t<li>\n\t\t\t\t\t<img loading=\"lazy\" decoding=\"async\"  src=\"https:\/\/ekofina.breinas.com\/wp-content\/uploads\/2024\/11\/Vector.svg\" title=\"Vector\" width=\"25\" height=\"25\">\n\t\t\t\t\t<span class=\"list-content\"><span class=\"listspan\">Telefonas<\/span>\n+370 615 48333<\/span>\n\t\t\t\t\t\t\t\t\t<\/li>\n\t\t\t\t\t\t\t\t\t\t\t<li>\n\t\t\t\t\t<img loading=\"lazy\" decoding=\"async\"  src=\"https:\/\/ekofina.breinas.com\/wp-content\/uploads\/2024\/11\/Vector-1.svg\" title=\"Vector (1)\" width=\"25\" height=\"25\">\n\t\t\t\t\t<span class=\"list-content\"><span class=\"listspan\">El. pa\u0161to adresas<\/span>\norders@breinas.com<\/span>\n\t\t\t\t\t\t\t\t\t<\/li>\n\t\t\t\t\t<\/ul>\n\t\t<\/div><\/div><\/div><div class=\"wpb_column vc_column_container vc_col-sm-6 vc_col-has-fill wd-rs-674599f99685f\"><div class=\"vc_column-inner vc_custom_1732614621485\"><div class=\"wpb_wrapper\">\n\t<div class=\"wpb_text_column wpb_content_element vc_custom_1732459582557\" >\n\t\t<div class=\"wpb_wrapper\">\n\t\t\t<h2 style=\"text-align: left;\"><span style=\"color: #5d2952; font-size: 30px;\">Para\u0161ykite mums \u017einut\u0119 <\/span><\/h2>\n\n\t\t<\/div>\n\t<\/div>\n\n\t<div class=\"wpb_text_column wpb_content_element\" >\n\t\t<div class=\"wpb_wrapper\">\n\t\t\t\n<div class=\"wpcf7 no-js\" id=\"wpcf7-f1938-o1\" lang=\"en-US\" dir=\"ltr\" data-wpcf7-id=\"1938\">\n<div class=\"screen-reader-response\"><p role=\"status\" aria-live=\"polite\" aria-atomic=\"true\"><\/p> <ul><\/ul><\/div>\n<form action=\"\/lt\/wp-json\/wp\/v2\/pages\/5288#wpcf7-f1938-o1\" method=\"post\" class=\"wpcf7-form init\" aria-label=\"Contact form\" novalidate=\"novalidate\" data-status=\"init\" data-trp-original-action=\"\/lt\/wp-json\/wp\/v2\/pages\/5288#wpcf7-f1938-o1\">\n<div style=\"display: none;\">\n<input type=\"hidden\" name=\"_wpcf7\" value=\"1938\" \/>\n<input type=\"hidden\" name=\"_wpcf7_version\" value=\"6.0.6\" \/>\n<input type=\"hidden\" name=\"_wpcf7_locale\" value=\"en_US\" \/>\n<input type=\"hidden\" name=\"_wpcf7_unit_tag\" value=\"wpcf7-f1938-o1\" \/>\n<input type=\"hidden\" name=\"_wpcf7_container_post\" value=\"0\" \/>\n<input type=\"hidden\" name=\"_wpcf7_posted_data_hash\" value=\"\" \/>\n<\/div>\n<p><span class=\"wpcf7-form-control-wrap\" data-name=\"your-name\"><input size=\"40\" maxlength=\"400\" class=\"wpcf7-form-control wpcf7-text wpcf7-validates-as-required\" aria-required=\"true\" aria-invalid=\"false\" placeholder=\"Vardas\" value=\"\" type=\"text\" name=\"your-name\" \/><\/span>\n<\/p>\n<p><span class=\"wpcf7-form-control-wrap\" data-name=\"your-email\"><input size=\"40\" maxlength=\"400\" class=\"wpcf7-form-control wpcf7-email wpcf7-validates-as-required wpcf7-text wpcf7-validates-as-email\" aria-required=\"true\" aria-invalid=\"false\" placeholder=\"J\u016bs\u0173 el. pa\u0161tas\" value=\"\" type=\"email\" name=\"your-email\" \/><\/span>\n<\/p>\n<p><span class=\"wpcf7-form-control-wrap\" data-name=\"your-message\"><textarea cols=\"40\" rows=\"10\" maxlength=\"2000\" class=\"wpcf7-form-control wpcf7-textarea\" aria-invalid=\"false\" placeholder=\"J\u016bs\u0173 \u017einut\u0117\" name=\"your-message\"><\/textarea><\/span>\n<\/p>\n<p><input class=\"wpcf7-form-control wpcf7-submit has-spinner btn-color-black\" type=\"submit\" value=\"Pateikti dabar\" \/>\n<\/p><div class=\"wpcf7-response-output\" aria-hidden=\"true\"><\/div>\n<input type=\"hidden\" name=\"trp-form-language\" value=\"lt\"\/><\/form>\n<\/div>\n\n\n\t\t<\/div>\n\t<\/div>\n<\/div><\/div><\/div><\/div>\n<\/div>","protected":false},"excerpt":{"rendered":"Contact Us Get In Touch With Us Manufacture Obeni\u0173 st. 38, Elektr\u0117nai, Lithuania, LT-26108 Main Office Raudondvario rd. 147-15, Kaunas,","protected":false},"author":1,"featured_media":0,"parent":0,"menu_order":0,"comment_status":"closed","ping_status":"closed","template":"","meta":{"_acf_changed":false,"footnotes":""},"class_list":["post-5288","page","type-page","status-publish","hentry"],"acf":[],"_links":{"self":[{"href":"https:\/\/ekofina.breinas.com\/lt\/wp-json\/wp\/v2\/pages\/5288","targetHints":{"allow":["GET"]}}],"collection":[{"href":"https:\/\/ekofina.breinas.com\/lt\/wp-json\/wp\/v2\/pages"}],"about":[{"href":"https:\/\/ekofina.breinas.com\/lt\/wp-json\/wp\/v2\/types\/page"}],"author":[{"embeddable":true,"href":"https:\/\/ekofina.breinas.com\/lt\/wp-json\/wp\/v2\/users\/1"}],"replies":[{"embeddable":true,"href":"https:\/\/ekofina.breinas.com\/lt\/wp-json\/wp\/v2\/comments?post=5288"}],"version-history":[{"count":11,"href":"https:\/\/ekofina.breinas.com\/lt\/wp-json\/wp\/v2\/pages\/5288\/revisions"}],"predecessor-version":[{"id":10502,"href":"https:\/\/ekofina.breinas.com\/lt\/wp-json\/wp\/v2\/pages\/5288\/revisions\/10502"}],"wp:attachment":[{"href":"https:\/\/ekofina.breinas.com\/lt\/wp-json\/wp\/v2\/media?parent=5288"}],"curies":[{"name":"wp","href":"https:\/\/api.w.org\/{rel}","templated":true}]}}